{"id":58,"date":"2017-03-05T17:27:47","date_gmt":"2017-03-05T17:27:47","guid":{"rendered":"http:\/\/basar-ori.de\/content.88-79-198-170.org-dns.com\/content\/?page_id=58"},"modified":"2026-03-02T17:06:39","modified_gmt":"2026-03-02T17:06:39","slug":"infos-fuer-helfer","status":"publish","type":"page","link":"https:\/\/basar-ori.de\/content\/?page_id=58","title":{"rendered":"Infos f\u00fcr Helfer"},"content":{"rendered":"<p>Um einen reibungslosen Ablauf des Basars zu erm\u00f6glichen, ben\u00f6tigen wir wieder viele helfende H\u00e4nde!<\/p>\n<p>F\u00fcr alle Helfer besteht die M\u00f6glichkeit:<\/p>\n<ul>\n<li>am <strong>Vorverkauf<\/strong> (<span style=\"color: #ff0000;\">Freitag, 17:30 \u2013 18:30 Uhr<\/span>) teilzunehmen sowie<\/li>\n<li>eine <strong>zweite Verkaufsnummer<\/strong> zu erhalten!<\/li>\n<\/ul>\n<p>F\u00fcr die Verpflegung der Helfer ist gesorgt.<\/p>\n<p>Bei Interesse k\u00f6nnt ihr euch ab <span style=\"color: #008000;\"><strong>19.08.2026<\/strong><\/span> an unsere Email-Adresse wenden:<span style=\"color: #0000ff;\"><strong> info@basar-ori.de<\/strong><span style=\"color: #000000;\">.<\/span> <span style=\"color: #000000;\">Bitte beachtt das wir vorher eingegangene Emails zu dem Thema nicht ber\u00fccksichtigen.<\/span><\/span><br \/>\nWof\u00fcr und in welcher Schicht wir Helfer ben\u00f6tigen, kann folgendem Schichtplan entnommen werden:<\/p>\n<table style=\"width: 101.186%; height: 221px;\" border=\"1\" cellspacing=\"2\" cellpadding=\"2\">\n<tbody>\n<tr style=\"height: 114px;\">\n<td style=\"width: 11.0714%; height: 116px;\"><big><big>Freitag<\/big><\/big><\/td>\n<td style=\"width: 29.0477%; height: 116px; vertical-align: top;\"><span style=\"color: #800000;\"><span style=\"color: #008000;\"><strong>1. Schicht: 13:30 &#8211; 17:30 Uhr<\/strong><\/span><br \/>\n<\/span>Aufbau Tische und Kleiderst\u00e4nder (gerne auch m\u00e4nnliche Helfer!)<br \/>\n2 Personen in der Festhalle<br \/>\n4 Personen im Gemeindehaus<\/td>\n<td style=\"width: 30.3572%; height: 116px; vertical-align: top;\"><span style=\"color: #008000;\"><strong>2. Schicht: 15:00 &#8211; 19:30 Uhr*<\/strong><\/span><br \/>\nAufbau, Korbannahme, Waren sortieren \/ auf den Tischen verteilen<br \/>\n12 Personen<\/td>\n<td style=\"width: 29.2844%; height: 116px; vertical-align: top;\"><span style=\"color: #008000;\"><strong>3. Schicht: 16:00 &#8211; 20:30 Uhr*<\/strong><\/span><br \/>\nWaren sortieren und auf den Tischen verteilen, Kasse, Aufsicht, nach dem Vorverkauf aufr\u00e4umen<br \/>\n10 Personen<\/td>\n<\/tr>\n<tr style=\"height: 130px;\">\n<td style=\"width: 11.0714%; height: 105px;\"><big><big>Samstag<\/big><\/big><\/td>\n<td style=\"width: 29.0477%; height: 105px; text-align: left; vertical-align: top;\"><span style=\"color: #008000;\"><strong>1. Schicht: 09:30 &#8211; 13:30 Uhr<\/strong><\/span><br \/>\n<span style=\"color: #000000;\">Kasse: 12 Personen voll<\/span><br \/>\nAufsicht: 7 Personen<\/td>\n<td style=\"width: 30.3572%; height: 105px; text-align: left; vertical-align: top;\"><span style=\"color: #008000;\"><strong>2. Schicht: 13:00 &#8211; 17:00 Uhr<\/strong><\/span><br \/>\nZur\u00fccksortieren der Waren in die K\u00f6rbe, Abbau<br \/>\n12 Personen<\/td>\n<td style=\"width: 29.2844%; height: 105px; text-align: left; vertical-align: top;\"><span style=\"color: #008000;\"><strong> 3. Schicht: 14:30 &#8211; 18:30 Uhr<\/strong><\/span><br \/>\nZur\u00fccksortieren der Waren in die K\u00f6rbe, Abbau, Korbausgabe<br \/>\n2 Personen<\/td>\n<\/tr>\n<\/tbody>\n<\/table>\n<div><small><big>*<\/big>: einschlie\u00dflich 45 min. Helfereinkauf<\/small><\/div>\n","protected":false},"excerpt":{"rendered":"<p>Um einen reibungslosen Ablauf des Basars zu erm\u00f6glichen, ben\u00f6tigen wir wieder viele helfende H\u00e4nde! F\u00fcr alle Helfer besteht die M\u00f6glichkeit: am Vorverkauf (Freitag, 17:30 \u2013 18:30 Uhr) teilzunehmen sowie eine zweite Verkaufsnummer zu erhalten! F\u00fcr die Verpflegung der Helfer ist &hellip;<\/p>\n<p class=\"read-more\"> <a class=\"more-link\" href=\"https:\/\/basar-ori.de\/content\/?page_id=58\"> <span class=\"screen-reader-text\">Infos f\u00fcr Helfer<\/span> Weiterlesen &raquo;<\/a><\/p>\n","protected":false},"author":3,"featured_media":0,"parent":0,"menu_order":0,"comment_status":"closed","ping_status":"closed","template":"full-width-page.php","meta":{"footnotes":""},"class_list":["post-58","page","type-page","status-publish","hentry"],"_links":{"self":[{"href":"https:\/\/basar-ori.de\/content\/index.php?rest_route=\/wp\/v2\/pages\/58","targetHints":{"allow":["GET"]}}],"collection":[{"href":"https:\/\/basar-ori.de\/content\/index.php?rest_route=\/wp\/v2\/pages"}],"about":[{"href":"https:\/\/basar-ori.de\/content\/index.php?rest_route=\/wp\/v2\/types\/page"}],"author":[{"embeddable":true,"href":"https:\/\/basar-ori.de\/content\/index.php?rest_route=\/wp\/v2\/users\/3"}],"replies":[{"embeddable":true,"href":"https:\/\/basar-ori.de\/content\/index.php?rest_route=%2Fwp%2Fv2%2Fcomments&post=58"}],"version-history":[{"count":76,"href":"https:\/\/basar-ori.de\/content\/index.php?rest_route=\/wp\/v2\/pages\/58\/revisions"}],"predecessor-version":[{"id":751,"href":"https:\/\/basar-ori.de\/content\/index.php?rest_route=\/wp\/v2\/pages\/58\/revisions\/751"}],"wp:attachment":[{"href":"https:\/\/basar-ori.de\/content\/index.php?rest_route=%2Fwp%2Fv2%2Fmedia&parent=58"}],"curies":[{"name":"wp","href":"https:\/\/api.w.org\/{rel}","templated":true}]}}