{"id":487,"date":"2024-02-11T18:27:15","date_gmt":"2024-02-11T18:27:15","guid":{"rendered":"https:\/\/basar-ori.de\/content\/?page_id=487"},"modified":"2026-03-02T17:12:37","modified_gmt":"2026-03-02T17:12:37","slug":"barcodes-erzeugen","status":"publish","type":"page","link":"https:\/\/basar-ori.de\/content\/?page_id=487","title":{"rendered":"Barcodes erzeugen"},"content":{"rendered":"\n<p>Direkt loslegen?<\/p>\n\n\n\n<div class=\"wp-block-buttons is-content-justification-left is-layout-flex wp-container-core-buttons-is-layout-fdcfc74e wp-block-buttons-is-layout-flex\">\n<div class=\"wp-block-button is-style-outline is-style-outline--1\"><a class=\"wp-block-button__link has-button-hover-text-color-color has-text-color has-background has-link-color has-normal-font-size has-custom-font-size wp-element-button\" href=\"http:\/\/etiketten.basar-ori.de\" style=\"border-radius:50px;background-color:#04aa6d\" target=\"_blank\" rel=\"noreferrer noopener\"><strong>Hier gehts zum Barcode-Generator<\/strong><\/a><\/div>\n<\/div>\n\n\n\n<h3 class=\"wp-block-heading\"><span style=\"color: #008000;\"><strong>Hinweis:<\/strong><\/span><\/h3>\n\n\n\n<p>Die Etiketten die \u00fcber die alten Excellisten generiert wurden k\u00f6nnen immer noch verwendet werden! <br>Die Excellisten werden allerdings nicht mehr weiterentwickelt. Bei Problemen mit den alten Excel-Dateien bitten wir darum direkt auf den Barcode-Generator umzusteigen.<\/p>\n\n\n\n<h2 class=\"wp-block-heading\">1. Schritt: Eingabe eurer Informationen<\/h2>\n\n\n\n<p>Bitte gebt in den obersten zwei Feldern euren Namen und die passende Verk\u00e4ufernummer an. Diese Felder sind nicht optional und <strong>m\u00fcssen immer angegeben <\/strong>werden! <br>Darunter ist die Artikelliste. Jeder Artikel besteht aus:<\/p>\n\n\n\n<ul class=\"wp-block-list\">\n<li>der Artikelnummer (von 1 bis 40, nicht editierbar) <\/li>\n\n\n\n<li>der <strong>Bezeichnung <\/strong>(<strong>zwingend erforderlich <\/strong>um einen Barcode zu generieren. Wird keine Bezeichnung angegeben wird der Artikel bei der Barcodegenerierung \u00fcbersprungen.) <\/li>\n\n\n\n<li>Gr\u00f6\u00dfe (optional) und der <\/li>\n\n\n\n<li>Preis (optional). Sofern kein Preis angegeben wird, wird ein Preis von 0,00 \u20ac eingesetzt. <\/li>\n<\/ul>\n\n\n\n<p>Ihr habt drei M\u00f6glichkeiten die Artikelinformationen einzugeben:<\/p>\n\n\n\n<ul class=\"wp-block-list\">\n<li>Alle Informationen manuell eingeben<\/li>\n\n\n\n<li>Oder eure bestehenden Informationen hochladen. Dabei k\u00f6nnt ihr w\u00e4hlen zwischen:\n<ul class=\"wp-block-list\">\n<li><strong>Der alten Excelliste<\/strong>. Hierzu findet ihr am unteren Ende der Seite &#8222;Daten aus fr\u00fcherer Artikelliste hochladen (im Excel-Format)&#8220;<\/li>\n\n\n\n<li><strong>Dem Laden eines Backups<\/strong> bereits online eingegebener Daten (Erstellung eines Backups siehe Schritt 2). Dazu findet ihr am unteren Ende der Seite &#8222;Backup wiederherstellen&#8220;.<\/li>\n<\/ul>\n<\/li>\n<\/ul>\n\n\n\n<figure class=\"wp-block-image size-full\"><img loading=\"lazy\" decoding=\"async\" width=\"632\" height=\"449\" src=\"https:\/\/basar-ori.de\/content\/wp-content\/uploads\/2024\/02\/Bildschirmfoto-2024-02-13-um-14.45.10.png\" alt=\"\" class=\"wp-image-508\" srcset=\"https:\/\/basar-ori.de\/content\/wp-content\/uploads\/2024\/02\/Bildschirmfoto-2024-02-13-um-14.45.10.png 632w, https:\/\/basar-ori.de\/content\/wp-content\/uploads\/2024\/02\/Bildschirmfoto-2024-02-13-um-14.45.10-300x213.png 300w, https:\/\/basar-ori.de\/content\/wp-content\/uploads\/2024\/02\/Bildschirmfoto-2024-02-13-um-14.45.10-100x71.png 100w, https:\/\/basar-ori.de\/content\/wp-content\/uploads\/2024\/02\/Bildschirmfoto-2024-02-13-um-14.45.10-150x107.png 150w, https:\/\/basar-ori.de\/content\/wp-content\/uploads\/2024\/02\/Bildschirmfoto-2024-02-13-um-14.45.10-200x142.png 200w, https:\/\/basar-ori.de\/content\/wp-content\/uploads\/2024\/02\/Bildschirmfoto-2024-02-13-um-14.45.10-450x320.png 450w, https:\/\/basar-ori.de\/content\/wp-content\/uploads\/2024\/02\/Bildschirmfoto-2024-02-13-um-14.45.10-600x426.png 600w\" sizes=\"auto, (max-width: 632px) 100vw, 632px\" \/><\/figure>\n\n\n\n<figure class=\"wp-block-image size-full\"><img loading=\"lazy\" decoding=\"async\" width=\"417\" height=\"84\" src=\"https:\/\/basar-ori.de\/content\/wp-content\/uploads\/2024\/02\/Bildschirmfoto-2024-02-13-um-14.50.57.png\" alt=\"\" class=\"wp-image-514\" srcset=\"https:\/\/basar-ori.de\/content\/wp-content\/uploads\/2024\/02\/Bildschirmfoto-2024-02-13-um-14.50.57.png 417w, https:\/\/basar-ori.de\/content\/wp-content\/uploads\/2024\/02\/Bildschirmfoto-2024-02-13-um-14.50.57-300x60.png 300w, https:\/\/basar-ori.de\/content\/wp-content\/uploads\/2024\/02\/Bildschirmfoto-2024-02-13-um-14.50.57-100x20.png 100w, https:\/\/basar-ori.de\/content\/wp-content\/uploads\/2024\/02\/Bildschirmfoto-2024-02-13-um-14.50.57-150x30.png 150w, https:\/\/basar-ori.de\/content\/wp-content\/uploads\/2024\/02\/Bildschirmfoto-2024-02-13-um-14.50.57-200x40.png 200w\" sizes=\"auto, (max-width: 417px) 100vw, 417px\" \/><\/figure>\n\n\n\n<h2 class=\"wp-block-heading\">2. Schritt: Optional ein Backup herunterladen <\/h2>\n\n\n\n<p>Das Web-Portal speichert automatisch die Eingabe lokal auf eurem Endger\u00e4t ab. Dennoch bitten wir darum, eine Backup-Datei herunterzuladen, damit die Eingabe bei Verlust der Daten oder bei einem Browser-, sowie Ger\u00e4tewechsel einfach wiederhergestellt werden kann. <br>Ihr werdet dann auch die M\u00f6glichkeit haben die Listen bei Bedarf beim n\u00e4chsten Basar wieder zu benutzen.<\/p>\n\n\n\n<figure class=\"wp-block-image size-full\"><img loading=\"lazy\" decoding=\"async\" width=\"288\" height=\"213\" src=\"https:\/\/basar-ori.de\/content\/wp-content\/uploads\/2024\/02\/Bildschirmfoto-2024-02-13-um-14.46.40.png\" alt=\"\" class=\"wp-image-509\" srcset=\"https:\/\/basar-ori.de\/content\/wp-content\/uploads\/2024\/02\/Bildschirmfoto-2024-02-13-um-14.46.40.png 288w, https:\/\/basar-ori.de\/content\/wp-content\/uploads\/2024\/02\/Bildschirmfoto-2024-02-13-um-14.46.40-100x74.png 100w, https:\/\/basar-ori.de\/content\/wp-content\/uploads\/2024\/02\/Bildschirmfoto-2024-02-13-um-14.46.40-150x111.png 150w, https:\/\/basar-ori.de\/content\/wp-content\/uploads\/2024\/02\/Bildschirmfoto-2024-02-13-um-14.46.40-200x148.png 200w\" sizes=\"auto, (max-width: 288px) 100vw, 288px\" \/><\/figure>\n\n\n\n<h2 class=\"wp-block-heading\">3. Schritt: Ausdrucken der Liste und Ettiketten<\/h2>\n\n\n\n<p>Sobald die Eingabe abgeschlossen ist, klickt ihr auf den Button &#8222;Speichern und weiter&#8220;. <br>Danach gelangt ihr auf eine \u00dcbersichtsseite mit vier Buttons. Durch Klicken auf einen der ersten drei Buttons \u00f6ffnet sich ein Druckerdialog. Achtet darauf, dass die Seiten <strong>nicht doppelseitig<\/strong> ausgedruckt werden. <br>Unter dem Button &#8222;Eingabe bearbeiten&#8220; gelangt ihr wieder zur\u00fcck. <br>Wiederholt den Vorgang mit den beiden anderen Seiten. <br>Ihr solltet am Ende genauso viele Etiketten mit Barcode und Zusatzetiketten haben, wie am Anfang Artikel in der Artikelliste eingegeben wurden. <br>Zudem ben\u00f6tigt ihr die Artikelliste zur Abgabe beim Basar mit ihrem Korb.<\/p>\n\n\n\n<figure class=\"wp-block-image size-full\"><img loading=\"lazy\" decoding=\"async\" width=\"744\" height=\"91\" src=\"https:\/\/basar-ori.de\/content\/wp-content\/uploads\/2024\/02\/Bildschirmfoto-2024-02-13-um-14.47.49.png\" alt=\"\" class=\"wp-image-510\" srcset=\"https:\/\/basar-ori.de\/content\/wp-content\/uploads\/2024\/02\/Bildschirmfoto-2024-02-13-um-14.47.49.png 744w, https:\/\/basar-ori.de\/content\/wp-content\/uploads\/2024\/02\/Bildschirmfoto-2024-02-13-um-14.47.49-300x37.png 300w, https:\/\/basar-ori.de\/content\/wp-content\/uploads\/2024\/02\/Bildschirmfoto-2024-02-13-um-14.47.49-100x12.png 100w, https:\/\/basar-ori.de\/content\/wp-content\/uploads\/2024\/02\/Bildschirmfoto-2024-02-13-um-14.47.49-150x18.png 150w, https:\/\/basar-ori.de\/content\/wp-content\/uploads\/2024\/02\/Bildschirmfoto-2024-02-13-um-14.47.49-200x24.png 200w, https:\/\/basar-ori.de\/content\/wp-content\/uploads\/2024\/02\/Bildschirmfoto-2024-02-13-um-14.47.49-450x55.png 450w, https:\/\/basar-ori.de\/content\/wp-content\/uploads\/2024\/02\/Bildschirmfoto-2024-02-13-um-14.47.49-600x73.png 600w\" sizes=\"auto, (max-width: 744px) 100vw, 744px\" \/><\/figure>\n\n\n\n<h2 class=\"wp-block-heading\">4. Schritt: Ausschneiden und Anbringen<\/h2>\n\n\n\n<p>Etiketten an der schwarzen Linie ausschneiden und an der Ware anbringen. Bitte darauf achten, dass dabei der Barcode\u00a0nicht besch\u00e4digt wird. Bitte nur auf wei\u00dfem Papier ausdrucken und\u00a0auf Laminieren verzichten (die Scanner haben sonst Probleme den Barcode zu erkennen). Wenn ihr ein Etikett doppelt brauchen solltet (z.B. f\u00fcr Spielsachen, B\u00fccher, Videos oder CDs), verwendet das entsprechende Zusatzetiketten ohne Barcode. Achtet bitte darauf, dass dabei die Etikettennummern identisch sind.<\/p>\n\n\n\n<h2 class=\"wp-block-heading\">Viel Spa\u00df beim Basar!<\/h2>\n\n\n\n<div class=\"wp-block-buttons is-content-justification-left is-layout-flex wp-container-core-buttons-is-layout-fdcfc74e wp-block-buttons-is-layout-flex\">\n<div class=\"wp-block-button is-style-outline is-style-outline--2\"><a class=\"wp-block-button__link has-button-hover-text-color-color has-text-color has-background has-link-color has-normal-font-size has-custom-font-size wp-element-button\" href=\"http:\/\/etiketten.basar-ori.de\" style=\"border-radius:50px;background-color:#04aa6d\" target=\"_blank\" rel=\"noreferrer noopener\"><strong>Hier gehts zum Barcode-Generator<\/strong><\/a><\/div>\n<\/div>\n","protected":false},"excerpt":{"rendered":"<p>Direkt loslegen? Hinweis: Die Etiketten die \u00fcber die alten Excellisten generiert wurden k\u00f6nnen immer noch verwendet werden! Die Excellisten werden allerdings nicht mehr weiterentwickelt. Bei Problemen mit den alten Excel-Dateien bitten wir darum direkt auf den Barcode-Generator umzusteigen. 1. Schritt: &hellip;<\/p>\n<p class=\"read-more\"> <a class=\"more-link\" href=\"https:\/\/basar-ori.de\/content\/?page_id=487\"> <span class=\"screen-reader-text\">Barcodes erzeugen<\/span> Weiterlesen &raquo;<\/a><\/p>\n","protected":false},"author":3,"featured_media":0,"parent":56,"menu_order":0,"comment_status":"closed","ping_status":"closed","template":"full-width-page.php","meta":{"footnotes":""},"class_list":["post-487","page","type-page","status-publish","hentry"],"_links":{"self":[{"href":"https:\/\/basar-ori.de\/content\/index.php?rest_route=\/wp\/v2\/pages\/487","targetHints":{"allow":["GET"]}}],"collection":[{"href":"https:\/\/basar-ori.de\/content\/index.php?rest_route=\/wp\/v2\/pages"}],"about":[{"href":"https:\/\/basar-ori.de\/content\/index.php?rest_route=\/wp\/v2\/types\/page"}],"author":[{"embeddable":true,"href":"https:\/\/basar-ori.de\/content\/index.php?rest_route=\/wp\/v2\/users\/3"}],"replies":[{"embeddable":true,"href":"https:\/\/basar-ori.de\/content\/index.php?rest_route=%2Fwp%2Fv2%2Fcomments&post=487"}],"version-history":[{"count":16,"href":"https:\/\/basar-ori.de\/content\/index.php?rest_route=\/wp\/v2\/pages\/487\/revisions"}],"predecessor-version":[{"id":753,"href":"https:\/\/basar-ori.de\/content\/index.php?rest_route=\/wp\/v2\/pages\/487\/revisions\/753"}],"up":[{"embeddable":true,"href":"https:\/\/basar-ori.de\/content\/index.php?rest_route=\/wp\/v2\/pages\/56"}],"wp:attachment":[{"href":"https:\/\/basar-ori.de\/content\/index.php?rest_route=%2Fwp%2Fv2%2Fmedia&parent=487"}],"curies":[{"name":"wp","href":"https:\/\/api.w.org\/{rel}","templated":true}]}}