{"id":24,"date":"2017-03-05T13:14:29","date_gmt":"2017-03-05T13:14:29","guid":{"rendered":"http:\/\/basar-ori.de\/content\/content\/?page_id=24"},"modified":"2017-03-05T17:50:17","modified_gmt":"2017-03-05T17:50:17","slug":"anfahrt","status":"publish","type":"page","link":"https:\/\/basar-ori.de\/content\/?page_id=24","title":{"rendered":"Anfahrt"},"content":{"rendered":"<h3>Der Kinderkleider-Basar findet statt in der Festhalle Oberriexingen:<\/h3>\n<h3><iframe loading=\"lazy\" style=\"border: 0;\" src=\"https:\/\/www.google.com\/maps\/embed?pb=!1m18!1m12!1m3!1d2621.4965586724193!2d9.020620415975358!3d48.92498327929405!2m3!1f0!2f0!3f0!3m2!1i1024!2i768!4f13.1!3m3!1m2!1s0x47977c21137d6b45%3A0x25341273685d47f1!2sOberriexingen%2C+Festhalle+Sporthalle!5e0!3m2!1sde!2sde!4v1488720292327\" width=\"400\" height=\"300\" frameborder=\"0\" allowfullscreen=\"allowfullscreen\"><\/iframe><\/h3>\n<p>Direkt nach dem Ortseingang Enzbr\u00fccke nach links in die M\u00fchlstra\u00dfe abbiegen und dieser ca. 350 m bergauf folgen. Die Festhalle befindet sich dann auf der linken Stra\u00dfenseite. Parkm\u00f6glichkeiten befinden oberhalb des Sportplatzes (einfach der M\u00fchlstra\u00dfe ca. 150 m bergauf folgen, dann \u00f6ffentlicher Parkplatz auf der linken Stra\u00dfenseite).<\/p>\n","protected":false},"excerpt":{"rendered":"<p>Der Kinderkleider-Basar findet statt in der Festhalle Oberriexingen: Direkt nach dem Ortseingang Enzbr\u00fccke nach links in die M\u00fchlstra\u00dfe abbiegen und dieser ca. 350 m bergauf folgen. Die Festhalle befindet sich dann auf der linken Stra\u00dfenseite. Parkm\u00f6glichkeiten befinden oberhalb des Sportplatzes &hellip;<\/p>\n<p class=\"read-more\"> <a class=\"more-link\" href=\"https:\/\/basar-ori.de\/content\/?page_id=24\"> <span class=\"screen-reader-text\">Anfahrt<\/span> Weiterlesen &raquo;<\/a><\/p>\n","protected":false},"author":1,"featured_media":0,"parent":0,"menu_order":0,"comment_status":"closed","ping_status":"closed","template":"full-width-page.php","meta":{"footnotes":""},"class_list":["post-24","page","type-page","status-publish","hentry"],"_links":{"self":[{"href":"https:\/\/basar-ori.de\/content\/index.php?rest_route=\/wp\/v2\/pages\/24","targetHints":{"allow":["GET"]}}],"collection":[{"href":"https:\/\/basar-ori.de\/content\/index.php?rest_route=\/wp\/v2\/pages"}],"about":[{"href":"https:\/\/basar-ori.de\/content\/index.php?rest_route=\/wp\/v2\/types\/page"}],"author":[{"embeddable":true,"href":"https:\/\/basar-ori.de\/content\/index.php?rest_route=\/wp\/v2\/users\/1"}],"replies":[{"embeddable":true,"href":"https:\/\/basar-ori.de\/content\/index.php?rest_route=%2Fwp%2Fv2%2Fcomments&post=24"}],"version-history":[{"count":4,"href":"https:\/\/basar-ori.de\/content\/index.php?rest_route=\/wp\/v2\/pages\/24\/revisions"}],"predecessor-version":[{"id":69,"href":"https:\/\/basar-ori.de\/content\/index.php?rest_route=\/wp\/v2\/pages\/24\/revisions\/69"}],"wp:attachment":[{"href":"https:\/\/basar-ori.de\/content\/index.php?rest_route=%2Fwp%2Fv2%2Fmedia&parent=24"}],"curies":[{"name":"wp","href":"https:\/\/api.w.org\/{rel}","templated":true}]}}