{"id":2,"date":"2016-05-10T03:48:21","date_gmt":"2016-05-10T03:48:21","guid":{"rendered":"http:\/\/wp452m.a10-52-158-154.qa.plesk.ru\/wordpress\/?page_id=2"},"modified":"2026-03-02T16:37:27","modified_gmt":"2026-03-02T16:37:27","slug":"sample-page","status":"publish","type":"page","link":"https:\/\/basar-ori.de\/content\/","title":{"rendered":"N\u00e4chster Kleiderbasar"},"content":{"rendered":"<h2><strong><img loading=\"lazy\" decoding=\"async\" class=\"alignleft wp-image-45 \" src=\"https:\/\/basar-ori.de\/content\/wp-content\/uploads\/2016\/05\/Junge.jpg\" alt=\"\" width=\"91\" height=\"210\" \/><\/strong> <img loading=\"lazy\" decoding=\"async\" class=\"alignright wp-image-44\" src=\"https:\/\/basar-ori.de\/content\/wp-content\/uploads\/2017\/03\/Maedchen-1.jpg\" alt=\"\" width=\"175\" height=\"218\" \/><\/h2>\n<h3 style=\"text-align: center;\"><span style=\"color: #000000;\"><em>Aufgrund eines technischen Problems war unsere Website und der Email Account vom 01.03 06:50 Uhr &#8211; 02.03. 17:30 Uhr leider nicht erreichbar. Emails konnten nicht zugestellt werden. Wir entschuldigen uns f\u00fcr die Downtime. Bei Anliegen sind wir jetzt wieder erreichbar.\u00a0<\/em>\u00a0<\/span><\/h3>\n<h2 class=\"western\" style=\"text-align: center;\"><strong>Samstag, 26. September 2026<br \/><span style=\"color: #ff0000;\">10:00 &#8211; 12:00 Uhr<\/span><br \/><strong>in der <\/strong> <strong><a href=\"https:\/\/basar-ori.de\/content.88-79-198-170.org-dns.com\/content\/?page_id=24\"> <span style=\"text-decoration: underline;\">Festhalle Oberriexingen<\/span><\/a><\/strong><br \/><strong>M\u00fchlstra\u00dfe 25<\/strong> <\/strong><\/h2>\n<hr \/>\n<h2 class=\"western\" style=\"text-align: center;\"><strong>Sonderverkauf f\u00fcr Schwangere* mit Mutterpass:<\/strong><br \/>Freitag, 25. September 2026, 19:00 &#8211; 20:00 Uhr<\/h2>\n<p style=\"text-align: center;\">*mit 1 Begleitperson<\/p>\n\n\n<p style=\"text-align: center;\"><strong>Angeboten werden Herbst- und Winterbekleidung bis Gr. 176, Schuhe bis Gr. 40, Spielsachen und Fahrzeuge sowie Babyausstattung und Zubeh\u00f6r.<\/strong><\/p>\n<p style=\"text-align: center;\">Kartenzahlung ist leider nicht m\u00f6glich!<\/p>\n<p style=\"text-align: center;\"><strong>15% des Verkaufserl\u00f6ses werden f\u00fcr wohlt\u00e4tige Zwecke einbehalten.<\/strong><\/p>\n<p style=\"text-align: center;\"><b>Danksagung<\/b>:<br \/>Wir danken vielmals den sehr zahlreichen K\u00e4ufern, die den letzten Basar besucht haben.<br \/>Gro\u00dfer Dank gilt auch allen Helfern des 2026&#8217;er Fr\u00fchjahrs- \/Sommerbasars.<\/p>\n<p><img loading=\"lazy\" decoding=\"async\" class=\" wp-image-6 aligncenter\" src=\"https:\/\/basar-ori.de\/content\/wp-content\/uploads\/2017\/03\/Logo-300x257.jpg\" alt=\"\" width=\"70\" height=\"60\" srcset=\"https:\/\/basar-ori.de\/content\/wp-content\/uploads\/2017\/03\/Logo-300x257.jpg 300w, https:\/\/basar-ori.de\/content\/wp-content\/uploads\/2017\/03\/Logo-100x86.jpg 100w, https:\/\/basar-ori.de\/content\/wp-content\/uploads\/2017\/03\/Logo-150x129.jpg 150w, https:\/\/basar-ori.de\/content\/wp-content\/uploads\/2017\/03\/Logo-200x172.jpg 200w, https:\/\/basar-ori.de\/content\/wp-content\/uploads\/2017\/03\/Logo.jpg 416w\" sizes=\"auto, (max-width: 70px) 100vw, 70px\" \/><\/p>\n","protected":false},"excerpt":{"rendered":"<p>Aufgrund eines technischen Problems war unsere Website und der Email Account vom 01.03 06:50 Uhr &#8211; 02.03. 17:30 Uhr leider nicht erreichbar. Emails konnten nicht zugestellt werden. Wir entschuldigen uns f\u00fcr die Downtime. Bei Anliegen sind wir jetzt wieder erreichbar.\u00a0\u00a0 &hellip;<\/p>\n<p class=\"read-more\"> <a class=\"more-link\" href=\"https:\/\/basar-ori.de\/content\/\"> <span class=\"screen-reader-text\">N\u00e4chster Kleiderbasar<\/span> Weiterlesen &raquo;<\/a><\/p>\n","protected":false},"author":3,"featured_media":0,"parent":0,"menu_order":0,"comment_status":"closed","ping_status":"closed","template":"full-width-page.php","meta":{"footnotes":""},"class_list":["post-2","page","type-page","status-publish","hentry"],"_links":{"self":[{"href":"https:\/\/basar-ori.de\/content\/index.php?rest_route=\/wp\/v2\/pages\/2","targetHints":{"allow":["GET"]}}],"collection":[{"href":"https:\/\/basar-ori.de\/content\/index.php?rest_route=\/wp\/v2\/pages"}],"about":[{"href":"https:\/\/basar-ori.de\/content\/index.php?rest_route=\/wp\/v2\/types\/page"}],"author":[{"embeddable":true,"href":"https:\/\/basar-ori.de\/content\/index.php?rest_route=\/wp\/v2\/users\/3"}],"replies":[{"embeddable":true,"href":"https:\/\/basar-ori.de\/content\/index.php?rest_route=%2Fwp%2Fv2%2Fcomments&post=2"}],"version-history":[{"count":94,"href":"https:\/\/basar-ori.de\/content\/index.php?rest_route=\/wp\/v2\/pages\/2\/revisions"}],"predecessor-version":[{"id":748,"href":"https:\/\/basar-ori.de\/content\/index.php?rest_route=\/wp\/v2\/pages\/2\/revisions\/748"}],"wp:attachment":[{"href":"https:\/\/basar-ori.de\/content\/index.php?rest_route=%2Fwp%2Fv2%2Fmedia&parent=2"}],"curies":[{"name":"wp","href":"https:\/\/api.w.org\/{rel}","templated":true}]}}